{"id":1195,"date":"2020-08-05T08:00:07","date_gmt":"2020-08-05T08:00:07","guid":{"rendered":"https:\/\/firstsight.design\/cherie\/spa\/?page_id=1195"},"modified":"2026-02-20T21:06:54","modified_gmt":"2026-02-20T20:06:54","slug":"contact-v1","status":"publish","type":"page","link":"https:\/\/changsiamthaispa.com\/en\/contact-v1\/","title":{"rendered":"Contact"},"content":{"rendered":"\t\t<div data-elementor-type=\"wp-page\" data-elementor-id=\"1195\" class=\"elementor elementor-1195\">\n\t\t\t\t\t\t\t\t\t<section class=\"elementor-section elementor-top-section elementor-element elementor-element-20c53e5 elementor-section-full_width elementor-section-height-default elementor-section-height-default\" data-id=\"20c53e5\" data-element_type=\"section\">\n\t\t\t\t\t\t<div class=\"elementor-container elementor-column-gap-default\">\n\t\t\t\t\t<div class=\"elementor-column elementor-col-100 elementor-top-column elementor-element elementor-element-062f336\" data-id=\"062f336\" data-element_type=\"column\">\n\t\t\t<div class=\"elementor-widget-wrap elementor-element-populated\">\n\t\t\t\t\t\t\t\t<div class=\"elementor-element elementor-element-3769cc2 elementor-widget elementor-widget-art-ordinary-page-header\" data-id=\"3769cc2\" data-element_type=\"widget\" data-widget_type=\"art-ordinary-page-header.default\">\n\t\t\t\t<div class=\"elementor-widget-container\">\n\t\t\t\r\n\t\t<div class=\"art-ordinary-page-header\" style=\"background-image:url(https:\/\/changsiamthaispa.com\/wp-content\/uploads\/2022\/07\/15.png)\">\r\n\r\n\t\t\t<div class=\"container\">\r\n\r\n\t\t\t\t<div class=\"art-ordinary-page-data\" style=\"text-align:center\">\r\n\r\n\t\t\t\t\t<h1 class=\"art-page-header-title\">Contact<\/h1>\r\n\r\n                                            <div class=\"art-page-header-description\">\r\n                            <p>Nous serions ravis de vous entendre et surtout de vous rencontrer en personne. Vous trouverez ci-dessous toutes les coordonn\u00e9es. \u00c0 bient\u00f4t!<\/p>                        <\/div>\r\n                    \r\n\t\t\t\t<\/div>\r\n\r\n\t\t\t<\/div>\r\n\r\n\t\t<\/div>\r\n\r\n\t\t\t\t<\/div>\n\t\t\t\t<\/div>\n\t\t\t\t\t<\/div>\n\t\t<\/div>\n\t\t\t\t\t\t\t<\/div>\n\t\t<\/section>\n\t\t\t\t<section class=\"elementor-section elementor-top-section elementor-element elementor-element-5787ef7e elementor-section-boxed elementor-section-height-default elementor-section-height-default\" data-id=\"5787ef7e\" data-element_type=\"section\" data-settings=\"{&quot;background_background&quot;:&quot;classic&quot;}\">\n\t\t\t\t\t\t\t<div class=\"elementor-background-overlay\"><\/div>\n\t\t\t\t\t\t\t<div class=\"elementor-container elementor-column-gap-default\">\n\t\t\t\t\t<div class=\"elementor-column elementor-col-100 elementor-top-column elementor-element elementor-element-4fed2401\" data-id=\"4fed2401\" data-element_type=\"column\">\n\t\t\t<div class=\"elementor-widget-wrap elementor-element-populated\">\n\t\t\t\t\t\t\t\t<div class=\"elementor-element elementor-element-1950d327 elementor-widget elementor-widget-art-contact-info\" data-id=\"1950d327\" data-element_type=\"widget\" data-widget_type=\"art-contact-info.default\">\n\t\t\t\t<div class=\"elementor-widget-container\">\n\t\t\t\r\n            <div class=\"art-contact-info-widget\">\r\n                                    <div class=\"col-md-4 art-item\">\r\n                        <div class=\"art-icon\"><svg xmlns=\"http:\/\/www.w3.org\/2000\/svg\" width=\"48\" height=\"48\" viewBox=\"0 0 48 48\" fill=\"none\"><rect x=\"11.5\" y=\"2.5\" width=\"24\" height=\"43\" rx=\"1.5\" fill=\"#E5EEF0\" stroke=\"black\"><\/rect><rect x=\"20\" y=\"7\" width=\"7\" height=\"1\" fill=\"black\"><\/rect><circle cx=\"23.5\" cy=\"39.5\" r=\"1.5\" fill=\"black\"><\/circle><\/svg><\/div>\r\n                        <h6 class=\"art-title\">Contact<\/h6>\r\n                        <div class=\"art-description art-body-two-font\"><p><strong>Tel: 0187423784<\/strong><br \/><a href=\"mailto:cthaispa@gmail.com\">cthaispa@gmail.com<\/a><\/p><\/div>\r\n                    <\/div>\r\n                                    <div class=\"col-md-4 art-item\">\r\n                        <div class=\"art-icon\"><svg xmlns=\"http:\/\/www.w3.org\/2000\/svg\" width=\"48\" height=\"48\" viewBox=\"0 0 48 48\" fill=\"none\"><circle cx=\"24.5\" cy=\"24.5\" r=\"19\" fill=\"#E5EEF0\" stroke=\"black\"><\/circle><path d=\"M24 12.5V25.5L30 31.5\" stroke=\"black\"><\/path><\/svg><\/div>\r\n                        <h6 class=\"art-title\">Hours<\/h6>\r\n                        <div class=\"art-description art-body-two-font\"><p>Mon to Sun: 11h00 - 20h00<\/p><\/div>\r\n                    <\/div>\r\n                                    <div class=\"col-md-4 art-item\">\r\n                        <div class=\"art-icon\"><svg xmlns=\"http:\/\/www.w3.org\/2000\/svg\" width=\"48\" height=\"48\" viewBox=\"0 0 48 48\" fill=\"none\"><path d=\"M39.5 18.5C39.5 22.9086 37.6893 26.8697 34.714 31.1637C32.7635 33.9788 30.3434 36.8965 27.6388 40.1573C26.3183 41.7493 24.93 43.4232 23.4953 45.2068C22.2962 43.7506 21.1349 42.3668 20.022 41.0407C16.9832 37.4197 14.3051 34.2285 12.2027 31.1656C9.2574 26.8745 7.5 22.9121 7.5 18.5C7.5 9.66344 14.6634 2.5 23.5 2.5C32.3366 2.5 39.5 9.66344 39.5 18.5Z\" fill=\"#E5EEF0\" stroke=\"black\"><\/path><circle cx=\"23.5\" cy=\"17.5\" r=\"6\" fill=\"white\" stroke=\"black\"><\/circle><\/svg><\/div>\r\n                        <h6 class=\"art-title\">Location<\/h6>\r\n                        <div class=\"art-description art-body-two-font\"><p>247 bis Boulevard Jean Jaur\u00e8s\u00a092100 Boulogne-Billancourt France<br \/>M\u00e9tro 9 Marcel Sembat, Tram T2 Les Moulineaux<\/p><\/div>\r\n                    <\/div>\r\n                            <\/div>\r\n\r\n        \t\t<\/div>\n\t\t\t\t<\/div>\n\t\t\t\t\t<\/div>\n\t\t<\/div>\n\t\t\t\t\t\t\t<\/div>\n\t\t<\/section>\n\t\t\t\t<section class=\"elementor-section elementor-top-section elementor-element elementor-element-f3bb843 elementor-section-full_width elementor-section-height-default elementor-section-height-default\" data-id=\"f3bb843\" data-element_type=\"section\">\n\t\t\t\t\t\t<div class=\"elementor-container elementor-column-gap-default\">\n\t\t\t\t\t<div class=\"elementor-column elementor-col-100 elementor-top-column elementor-element elementor-element-3c465e2\" data-id=\"3c465e2\" data-element_type=\"column\">\n\t\t\t<div class=\"elementor-widget-wrap elementor-element-populated\">\n\t\t\t\t\t\t\t\t<section class=\"elementor-section elementor-inner-section elementor-element elementor-element-2b1a968 elementor-section-full_width elementor-section-height-default elementor-section-height-default\" data-id=\"2b1a968\" data-element_type=\"section\">\n\t\t\t\t\t\t<div class=\"elementor-container elementor-column-gap-default\">\n\t\t\t\t\t<div class=\"elementor-column elementor-col-100 elementor-inner-column elementor-element elementor-element-ea2d65c\" data-id=\"ea2d65c\" data-element_type=\"column\">\n\t\t\t<div class=\"elementor-widget-wrap elementor-element-populated\">\n\t\t\t\t\t\t\t\t<div class=\"elementor-element elementor-element-7322f16 elementor-widget elementor-widget-google_maps\" data-id=\"7322f16\" data-element_type=\"widget\" data-widget_type=\"google_maps.default\">\n\t\t\t\t<div class=\"elementor-widget-container\">\n\t\t\t<style>\/*! elementor - v3.6.5 - 27-04-2022 *\/\n.elementor-widget-google_maps .elementor-widget-container{overflow:hidden}.elementor-widget-google_maps iframe{height:300px}<\/style>\t\t<div class=\"elementor-custom-embed\">\n\t\t\t<iframe frameborder=\"0\" scrolling=\"no\" marginheight=\"0\" marginwidth=\"0\"\n\t\t\t\t\tsrc=\"https:\/\/maps.google.com\/maps?q=247%20bis%20Bd%20Jean%20Jaur%C3%A8s%2C%2092100%20Boulogne-Billancourt%2C%20%E0%B8%9D%E0%B8%A3%E0%B8%B1%E0%B9%88%E0%B8%87%E0%B9%80%E0%B8%A8%E0%B8%AA&#038;t=m&#038;z=16&#038;output=embed&#038;iwloc=near\"\n\t\t\t\t\ttitle=\"247 bis Bd Jean Jaur\u00e8s, 92100 Boulogne-Billancourt, \u0e1d\u0e23\u0e31\u0e48\u0e07\u0e40\u0e28\u0e2a\"\n\t\t\t\t\taria-label=\"247 bis Bd Jean Jaur\u00e8s, 92100 Boulogne-Billancourt, \u0e1d\u0e23\u0e31\u0e48\u0e07\u0e40\u0e28\u0e2a\"\n\t\t\t><\/iframe>\n\t\t<\/div>\n\t\t\t\t<\/div>\n\t\t\t\t<\/div>\n\t\t\t\t\t<\/div>\n\t\t<\/div>\n\t\t\t\t\t\t\t<\/div>\n\t\t<\/section>\n\t\t\t\t\t<\/div>\n\t\t<\/div>\n\t\t\t\t\t\t\t<\/div>\n\t\t<\/section>\n\t\t\t\t\t\t\t<\/div>\n\t\t","protected":false},"excerpt":{"rendered":"","protected":false},"author":1,"featured_media":0,"parent":0,"menu_order":0,"comment_status":"closed","ping_status":"closed","template":"elementor-template.php","meta":{"inline_featured_image":false},"acf":[],"_links":{"self":[{"href":"https:\/\/changsiamthaispa.com\/en\/wp-json\/wp\/v2\/pages\/1195"}],"collection":[{"href":"https:\/\/changsiamthaispa.com\/en\/wp-json\/wp\/v2\/pages"}],"about":[{"href":"https:\/\/changsiamthaispa.com\/en\/wp-json\/wp\/v2\/types\/page"}],"author":[{"embeddable":true,"href":"https:\/\/changsiamthaispa.com\/en\/wp-json\/wp\/v2\/users\/1"}],"replies":[{"embeddable":true,"href":"https:\/\/changsiamthaispa.com\/en\/wp-json\/wp\/v2\/comments?post=1195"}],"version-history":[{"count":4,"href":"https:\/\/changsiamthaispa.com\/en\/wp-json\/wp\/v2\/pages\/1195\/revisions"}],"predecessor-version":[{"id":73592,"href":"https:\/\/changsiamthaispa.com\/en\/wp-json\/wp\/v2\/pages\/1195\/revisions\/73592"}],"wp:attachment":[{"href":"https:\/\/changsiamthaispa.com\/en\/wp-json\/wp\/v2\/media?parent=1195"}],"curies":[{"name":"wp","href":"https:\/\/api.w.org\/{rel}","templated":true}]}}